{"id":96,"date":"2024-10-20T11:29:24","date_gmt":"2024-10-20T09:29:24","guid":{"rendered":"https:\/\/basketsenvadrouille.fr\/?page_id=96"},"modified":"2026-02-23T08:07:36","modified_gmt":"2026-02-23T07:07:36","slug":"nos-tests-grandeur-nature","status":"publish","type":"page","link":"https:\/\/basketsenvadrouille.fr\/index.php\/nos-tests-grandeur-nature\/","title":{"rendered":"Nos tests grandeur nature"},"content":{"rendered":"<div class=\"is-style-boxed has-dark-bg wp-block-themeisle-blocks-posts-grid\" id=\"wp-block-themeisle-blocks-posts-grid-800d158d\"><div class=\"is-list\"><div class=\"o-posts-grid-post-blog o-posts-grid-post-plain\"><div class=\"o-posts-grid-post\"><div class=\"o-posts-grid-post-image\"><a href=\"https:\/\/basketsenvadrouille.fr\/index.php\/2026\/02\/18\/un-week-end-a-nimes-patrimoine-urban-trail-et-decouvertes-sportives\/\"><img loading=\"lazy\" decoding=\"async\" width=\"1037\" height=\"778\" src=\"https:\/\/basketsenvadrouille.fr\/wp-content\/uploads\/2026\/02\/IMG_7410-3.jpg\" class=\"attachment-full size-full\" alt=\"Un week-end \u00e0 N\u00eemes : patrimoine, urban trail et d\u00e9couvertes sportives\" srcset=\"https:\/\/basketsenvadrouille.fr\/wp-content\/uploads\/2026\/02\/IMG_7410-3.jpg 1037w, https:\/\/basketsenvadrouille.fr\/wp-content\/uploads\/2026\/02\/IMG_7410-3-300x225.jpg 300w, https:\/\/basketsenvadrouille.fr\/wp-content\/uploads\/2026\/02\/IMG_7410-3-1024x768.jpg 1024w, https:\/\/basketsenvadrouille.fr\/wp-content\/uploads\/2026\/02\/IMG_7410-3-768x576.jpg 768w\" sizes=\"(max-width: 1037px) 100vw, 1037px\" \/><\/a><\/div><div class=\"o-posts-grid-post-body\"><h4 class=\"o-posts-grid-post-title\"><a href=\"https:\/\/basketsenvadrouille.fr\/index.php\/2026\/02\/18\/un-week-end-a-nimes-patrimoine-urban-trail-et-decouvertes-sportives\/\">Un week-end \u00e0 N\u00eemes : patrimoine, urban trail et d\u00e9couvertes sportives<\/a><\/h4><div class=\"o-posts-grid-post-description\"><p>Tu te demandes que faire \u00e0 N\u00eemes en un week-end quand on aime bouger, d\u00e9couvrir et bien manger ?Bonne nouvelle : on t\u2019emm\u00e8ne vivre un city trip sportif \u00e0 N\u2026<\/p><\/div><\/div><\/div><\/div><div class=\"o-posts-grid-post-blog o-posts-grid-post-plain\"><div class=\"o-posts-grid-post\"><div class=\"o-posts-grid-post-image\"><a href=\"https:\/\/basketsenvadrouille.fr\/index.php\/2026\/01\/05\/cani-raquette-dans-le-parc-national-des-ecrins-4-jours-daventure-avec-son-chien\/\"><img loading=\"lazy\" decoding=\"async\" width=\"2560\" height=\"1920\" src=\"https:\/\/basketsenvadrouille.fr\/wp-content\/uploads\/2026\/01\/IMG_6235-scaled.jpg\" class=\"attachment-full size-full\" alt=\"cani raquette ecrins\" srcset=\"https:\/\/basketsenvadrouille.fr\/wp-content\/uploads\/2026\/01\/IMG_6235-scaled.jpg 2560w, https:\/\/basketsenvadrouille.fr\/wp-content\/uploads\/2026\/01\/IMG_6235-300x225.jpg 300w, https:\/\/basketsenvadrouille.fr\/wp-content\/uploads\/2026\/01\/IMG_6235-1024x768.jpg 1024w, https:\/\/basketsenvadrouille.fr\/wp-content\/uploads\/2026\/01\/IMG_6235-768x576.jpg 768w, https:\/\/basketsenvadrouille.fr\/wp-content\/uploads\/2026\/01\/IMG_6235-1536x1152.jpg 1536w, https:\/\/basketsenvadrouille.fr\/wp-content\/uploads\/2026\/01\/IMG_6235-2048x1536.jpg 2048w\" sizes=\"(max-width: 2560px) 100vw, 2560px\" \/><\/a><\/div><div class=\"o-posts-grid-post-body\"><h4 class=\"o-posts-grid-post-title\"><a href=\"https:\/\/basketsenvadrouille.fr\/index.php\/2026\/01\/05\/cani-raquette-dans-le-parc-national-des-ecrins-4-jours-daventure-avec-son-chien\/\">Cani-raquette dans le massif \u00c9crins : 4 jours d\u2019aventure avec son chien<\/a><\/h4><div class=\"o-posts-grid-post-description\"><p>Aujourd\u2019hui, on t\u2019emm\u00e8ne vivre une exp\u00e9rience unique, sauvage et hors de notre zone de confort.Habituellement, on est plut\u00f4t du genre trek longue distance \u2026<\/p><\/div><\/div><\/div><\/div><div class=\"o-posts-grid-post-blog o-posts-grid-post-plain\"><div class=\"o-posts-grid-post\"><div class=\"o-posts-grid-post-image\"><a href=\"https:\/\/basketsenvadrouille.fr\/index.php\/2025\/09\/18\/un-week-end-en-terre-dargence-entre-velo-gourmandises-et-decouvertes\/\"><img loading=\"lazy\" decoding=\"async\" width=\"2560\" height=\"1920\" src=\"https:\/\/basketsenvadrouille.fr\/wp-content\/uploads\/2025\/09\/IMG_3827-scaled.jpg\" class=\"attachment-full size-full\" alt=\"TAureaux camarguais\" srcset=\"https:\/\/basketsenvadrouille.fr\/wp-content\/uploads\/2025\/09\/IMG_3827-scaled.jpg 2560w, https:\/\/basketsenvadrouille.fr\/wp-content\/uploads\/2025\/09\/IMG_3827-300x225.jpg 300w, https:\/\/basketsenvadrouille.fr\/wp-content\/uploads\/2025\/09\/IMG_3827-1024x768.jpg 1024w, https:\/\/basketsenvadrouille.fr\/wp-content\/uploads\/2025\/09\/IMG_3827-768x576.jpg 768w, https:\/\/basketsenvadrouille.fr\/wp-content\/uploads\/2025\/09\/IMG_3827-1536x1152.jpg 1536w, https:\/\/basketsenvadrouille.fr\/wp-content\/uploads\/2025\/09\/IMG_3827-2048x1536.jpg 2048w\" sizes=\"(max-width: 2560px) 100vw, 2560px\" \/><\/a><\/div><div class=\"o-posts-grid-post-body\"><h4 class=\"o-posts-grid-post-title\"><a href=\"https:\/\/basketsenvadrouille.fr\/index.php\/2025\/09\/18\/un-week-end-en-terre-dargence-entre-velo-gourmandises-et-decouvertes\/\">Un week-end en Terre d\u2019Argence : entre v\u00e9lo, gourmandises et d\u00e9couvertes<\/a><\/h4><div class=\"o-posts-grid-post-description\"><p>Quand on aime voyager, on oublie parfois de regarder juste \u00e0 c\u00f4t\u00e9 de chez soi. Et pourtant\u2026 Ce week-end, invit\u00e9s par l\u2019agence La Belle Vie, nous avons d\u00e9co\u2026<\/p><\/div><\/div><\/div><\/div><div class=\"o-posts-grid-post-blog o-posts-grid-post-plain\"><div class=\"o-posts-grid-post\"><div class=\"o-posts-grid-post-image\"><a href=\"https:\/\/basketsenvadrouille.fr\/index.php\/2025\/07\/14\/notre-premier-maratrail-a-la-vvx-une-aventure-sportive-et-gourmande\/\"><img loading=\"lazy\" decoding=\"async\" width=\"1920\" height=\"2560\" src=\"https:\/\/basketsenvadrouille.fr\/wp-content\/uploads\/2025\/07\/IMG_0958-scaled.jpg\" class=\"attachment-full size-full\" alt=\"Notre premier Maratrail \u00e0 la VVX : une aventure sportive et gourmande !\" srcset=\"https:\/\/basketsenvadrouille.fr\/wp-content\/uploads\/2025\/07\/IMG_0958-scaled.jpg 1920w, https:\/\/basketsenvadrouille.fr\/wp-content\/uploads\/2025\/07\/IMG_0958-225x300.jpg 225w, https:\/\/basketsenvadrouille.fr\/wp-content\/uploads\/2025\/07\/IMG_0958-768x1024.jpg 768w, https:\/\/basketsenvadrouille.fr\/wp-content\/uploads\/2025\/07\/IMG_0958-1152x1536.jpg 1152w, https:\/\/basketsenvadrouille.fr\/wp-content\/uploads\/2025\/07\/IMG_0958-1536x2048.jpg 1536w\" sizes=\"(max-width: 1920px) 100vw, 1920px\" \/><\/a><\/div><div class=\"o-posts-grid-post-body\"><h4 class=\"o-posts-grid-post-title\"><a href=\"https:\/\/basketsenvadrouille.fr\/index.php\/2025\/07\/14\/notre-premier-maratrail-a-la-vvx-une-aventure-sportive-et-gourmande\/\">Notre premier Maratrail \u00e0 la VVX : une aventure sportive et gourmande !<\/a><\/h4><div class=\"o-posts-grid-post-description\"><p>La VVX, plus qu&#039;un trail, c&#039;est une v\u00e9ritable exp\u00e9rience nature au coeur de l&#039;Auvergne.<\/p><\/div><\/div><\/div><\/div><div class=\"o-posts-grid-post-blog o-posts-grid-post-plain\"><div class=\"o-posts-grid-post\"><div class=\"o-posts-grid-post-image\"><a href=\"https:\/\/basketsenvadrouille.fr\/index.php\/2025\/06\/21\/week-end-bien-etre-a-avene-nature-soins-thermaux-et-plaisirs-gourmands\/\"><img loading=\"lazy\" decoding=\"async\" width=\"1920\" height=\"2560\" src=\"https:\/\/basketsenvadrouille.fr\/wp-content\/uploads\/2025\/06\/IMG_9890-scaled.jpg\" class=\"attachment-full size-full\" alt=\"Avene, herault\" srcset=\"https:\/\/basketsenvadrouille.fr\/wp-content\/uploads\/2025\/06\/IMG_9890-scaled.jpg 1920w, https:\/\/basketsenvadrouille.fr\/wp-content\/uploads\/2025\/06\/IMG_9890-225x300.jpg 225w, https:\/\/basketsenvadrouille.fr\/wp-content\/uploads\/2025\/06\/IMG_9890-768x1024.jpg 768w, https:\/\/basketsenvadrouille.fr\/wp-content\/uploads\/2025\/06\/IMG_9890-1152x1536.jpg 1152w, https:\/\/basketsenvadrouille.fr\/wp-content\/uploads\/2025\/06\/IMG_9890-1536x2048.jpg 1536w\" sizes=\"(max-width: 1920px) 100vw, 1920px\" \/><\/a><\/div><div class=\"o-posts-grid-post-body\"><h4 class=\"o-posts-grid-post-title\"><a href=\"https:\/\/basketsenvadrouille.fr\/index.php\/2025\/06\/21\/week-end-bien-etre-a-avene-nature-soins-thermaux-et-plaisirs-gourmands\/\">Week-end bien-\u00eatre \u00e0 Av\u00e8ne : nature, soins thermaux et plaisirs gourmands<\/a><\/h4><div class=\"o-posts-grid-post-description\"><p>Tu nous connais : on adore d\u00e9couvrir de nouvelles r\u00e9gions, entre randonn\u00e9es sportives, moments de d\u00e9tente, et tables savoureuses.Mais cette fois, j\u2019ai un p\u2026<\/p><\/div><\/div><\/div><\/div><div class=\"o-posts-grid-post-blog o-posts-grid-post-plain\"><div class=\"o-posts-grid-post\"><div class=\"o-posts-grid-post-image\"><a href=\"https:\/\/basketsenvadrouille.fr\/index.php\/2025\/03\/03\/un-weekend-dans-le-sud-des-cevennes-randonnee-cascade-et-tiny-house\/\"><img loading=\"lazy\" decoding=\"async\" width=\"2560\" height=\"1920\" src=\"https:\/\/basketsenvadrouille.fr\/wp-content\/uploads\/2025\/03\/IMG_8334-scaled.jpg\" class=\"attachment-full size-full\" alt=\"cascade de la vis sud cevennes\" srcset=\"https:\/\/basketsenvadrouille.fr\/wp-content\/uploads\/2025\/03\/IMG_8334-scaled.jpg 2560w, https:\/\/basketsenvadrouille.fr\/wp-content\/uploads\/2025\/03\/IMG_8334-300x225.jpg 300w, https:\/\/basketsenvadrouille.fr\/wp-content\/uploads\/2025\/03\/IMG_8334-1024x768.jpg 1024w, https:\/\/basketsenvadrouille.fr\/wp-content\/uploads\/2025\/03\/IMG_8334-768x576.jpg 768w, https:\/\/basketsenvadrouille.fr\/wp-content\/uploads\/2025\/03\/IMG_8334-1536x1152.jpg 1536w, https:\/\/basketsenvadrouille.fr\/wp-content\/uploads\/2025\/03\/IMG_8334-2048x1536.jpg 2048w\" sizes=\"(max-width: 2560px) 100vw, 2560px\" \/><\/a><\/div><div class=\"o-posts-grid-post-body\"><h4 class=\"o-posts-grid-post-title\"><a href=\"https:\/\/basketsenvadrouille.fr\/index.php\/2025\/03\/03\/un-weekend-dans-le-sud-des-cevennes-randonnee-cascade-et-tiny-house\/\">Un Weekend dans le Sud des C\u00e9vennes : Randonn\u00e9e, Cascade et Tiny House<\/a><\/h4><div class=\"o-posts-grid-post-description\"><p>Ce weekend, on a d\u00e9cid\u00e9 de se frotter \u00e0 la nature sauvage des C\u00e9vennes, une r\u00e9gion o\u00f9 les paysages sont aussi \u00e9poustouflants.<\/p><\/div><\/div><\/div><\/div><\/div> <\/div>","protected":false},"excerpt":{"rendered":"","protected":false},"author":1,"featured_media":46,"parent":0,"menu_order":0,"comment_status":"closed","ping_status":"closed","template":"","meta":{"_themeisle_gutenberg_block_has_review":false,"footnotes":""},"class_list":["post-96","page","type-page","status-publish","has-post-thumbnail","hentry"],"_links":{"self":[{"href":"https:\/\/basketsenvadrouille.fr\/index.php\/wp-json\/wp\/v2\/pages\/96","targetHints":{"allow":["GET"]}}],"collection":[{"href":"https:\/\/basketsenvadrouille.fr\/index.php\/wp-json\/wp\/v2\/pages"}],"about":[{"href":"https:\/\/basketsenvadrouille.fr\/index.php\/wp-json\/wp\/v2\/types\/page"}],"author":[{"embeddable":true,"href":"https:\/\/basketsenvadrouille.fr\/index.php\/wp-json\/wp\/v2\/users\/1"}],"replies":[{"embeddable":true,"href":"https:\/\/basketsenvadrouille.fr\/index.php\/wp-json\/wp\/v2\/comments?post=96"}],"version-history":[{"count":4,"href":"https:\/\/basketsenvadrouille.fr\/index.php\/wp-json\/wp\/v2\/pages\/96\/revisions"}],"predecessor-version":[{"id":724,"href":"https:\/\/basketsenvadrouille.fr\/index.php\/wp-json\/wp\/v2\/pages\/96\/revisions\/724"}],"wp:featuredmedia":[{"embeddable":true,"href":"https:\/\/basketsenvadrouille.fr\/index.php\/wp-json\/wp\/v2\/media\/46"}],"wp:attachment":[{"href":"https:\/\/basketsenvadrouille.fr\/index.php\/wp-json\/wp\/v2\/media?parent=96"}],"curies":[{"name":"wp","href":"https:\/\/api.w.org\/{rel}","templated":true}]}}