{"id":72,"date":"2024-10-19T18:50:29","date_gmt":"2024-10-19T16:50:29","guid":{"rendered":"https:\/\/basketsenvadrouille.fr\/?page_id=72"},"modified":"2026-02-23T08:48:55","modified_gmt":"2026-02-23T07:48:55","slug":"nos-voyages","status":"publish","type":"page","link":"https:\/\/basketsenvadrouille.fr\/index.php\/nos-voyages\/","title":{"rendered":"NOS VOYAGES"},"content":{"rendered":"\n<p><\/p>\n\n\n\n<div id=\"wp-block-themeisle-blocks-slider-6fafe834\" class=\"wp-block-themeisle-blocks-slider glide\" data-per-view=\"1\" data-gap=\"0\" data-peek=\"0\" data-autoplay=\"true\" data-height=\"400px\" data-hide-arrows=\"false\"><div class=\"glide__track\" data-glide-el=\"track\"><div class=\"glide__slides\"><div class=\"wp-block-themeisle-blocks-slider-item-wrapper glide__slide\" tabindex=\"0\"><figure><img decoding=\"async\" class=\"wp-block-themeisle-blocks-slider-item\" src=\"http:\/\/basketsenvadrouille.fr\/wp-content\/uploads\/2026\/02\/IMG-20230820-WA0016.jpg\" alt=\"\" title=\"\" data-id=\"734\"\/><figcaption>P\u00e9rou<\/figcaption><\/figure><\/div><div class=\"wp-block-themeisle-blocks-slider-item-wrapper glide__slide\" tabindex=\"0\"><figure><img decoding=\"async\" class=\"wp-block-themeisle-blocks-slider-item\" src=\"http:\/\/basketsenvadrouille.fr\/wp-content\/uploads\/2026\/02\/IMG-20230425-WA0042.jpg\" alt=\"\" title=\"\" data-id=\"733\"\/><figcaption>Mexique<\/figcaption><\/figure><\/div><div class=\"wp-block-themeisle-blocks-slider-item-wrapper glide__slide\" tabindex=\"0\"><figure><img decoding=\"async\" class=\"wp-block-themeisle-blocks-slider-item\" src=\"http:\/\/basketsenvadrouille.fr\/wp-content\/uploads\/2026\/02\/IMG_20231231_131424-scaled.jpg\" alt=\"\" title=\"\" data-id=\"732\"\/><figcaption>Argentine<\/figcaption><\/figure><\/div><div class=\"wp-block-themeisle-blocks-slider-item-wrapper glide__slide\" tabindex=\"0\"><figure><img decoding=\"async\" class=\"wp-block-themeisle-blocks-slider-item\" src=\"http:\/\/basketsenvadrouille.fr\/wp-content\/uploads\/2026\/02\/IMG_20230928_063923.jpg\" alt=\"\" title=\"\" data-id=\"731\"\/><figcaption>P\u00e9rou<\/figcaption><\/figure><\/div><div class=\"wp-block-themeisle-blocks-slider-item-wrapper glide__slide\" tabindex=\"0\"><figure><img decoding=\"async\" class=\"wp-block-themeisle-blocks-slider-item\" src=\"http:\/\/basketsenvadrouille.fr\/wp-content\/uploads\/2026\/02\/IMG_20230829_110340-scaled.jpg\" alt=\"\" title=\"\" data-id=\"730\"\/><figcaption>P\u00e9rou<\/figcaption><\/figure><\/div><div class=\"wp-block-themeisle-blocks-slider-item-wrapper glide__slide\" tabindex=\"0\"><figure><img decoding=\"async\" class=\"wp-block-themeisle-blocks-slider-item\" src=\"http:\/\/basketsenvadrouille.fr\/wp-content\/uploads\/2026\/02\/IMG_20230822_121835-scaled.jpg\" alt=\"\" title=\"\" data-id=\"729\"\/><figcaption>Argentine<\/figcaption><\/figure><\/div><div class=\"wp-block-themeisle-blocks-slider-item-wrapper glide__slide\" tabindex=\"0\"><figure><img decoding=\"async\" class=\"wp-block-themeisle-blocks-slider-item\" src=\"http:\/\/basketsenvadrouille.fr\/wp-content\/uploads\/2026\/02\/IMG_20230510_053343-scaled.jpg\" alt=\"\" title=\"\" data-id=\"728\"\/><figcaption>Guatemala<\/figcaption><\/figure><\/div><div class=\"wp-block-themeisle-blocks-slider-item-wrapper glide__slide\" tabindex=\"0\"><figure><img decoding=\"async\" class=\"wp-block-themeisle-blocks-slider-item\" src=\"http:\/\/basketsenvadrouille.fr\/wp-content\/uploads\/2026\/02\/IMG_20230228_145558.jpg\" alt=\"\" title=\"\" data-id=\"727\"\/><figcaption>Le Grand d\u00e9part<\/figcaption><\/figure><\/div><\/div><div class=\"glide__bullets\" data-glide-el=\"controls[nav]\"><button class=\"glide__bullet\" data-glide-dir=\"=0\"><\/button><button class=\"glide__bullet\" data-glide-dir=\"=1\"><\/button><button class=\"glide__bullet\" data-glide-dir=\"=2\"><\/button><button class=\"glide__bullet\" data-glide-dir=\"=3\"><\/button><button class=\"glide__bullet\" data-glide-dir=\"=4\"><\/button><button class=\"glide__bullet\" data-glide-dir=\"=5\"><\/button><button class=\"glide__bullet\" data-glide-dir=\"=6\"><\/button><button class=\"glide__bullet\" data-glide-dir=\"=7\"><\/button><\/div><\/div><\/div>\n\n\n\n<p><\/p>\n\n\n\n<p>Vadrouilleurs dans l&rsquo;\u00e2me, nous avons tout l\u00e2ch\u00e9 pendant un an pour partir \u00e0 la d\u00e9couverte de l&rsquo;Am\u00e9rique Latine avec nos sac \u00e0 dos comme seul compagnon.<\/p>\n\n\n\n<p><em>On te raconte nos aventures tr\u00e8s bient\u00f4t, pays par pays.<\/em><\/p>\n\n\n\n<p>D\u00e9part en f\u00e9vrier 2023, direction le <strong>Mexique<\/strong>, le <strong>Guatemala<\/strong>, la <strong>Colombie<\/strong>, Le <strong>P\u00e9rou<\/strong>, la <strong>Bolivie<\/strong>, <strong>l&rsquo;Argentine<\/strong>, le <strong>Chili<\/strong> et pour terminer le <strong>Br\u00e9sil<\/strong> !<\/p>\n\n\n\n<p><\/p>\n","protected":false},"excerpt":{"rendered":"<p>Vadrouilleurs dans l&rsquo;\u00e2me, nous avons tout l\u00e2ch\u00e9 pendant un an pour partir \u00e0 la d\u00e9couverte de l&rsquo;Am\u00e9rique Latine avec nos sac \u00e0 dos comme seul compagnon. On te raconte nos aventures tr\u00e8s bient\u00f4t, pays par pays. D\u00e9part en f\u00e9vrier 2023, direction le Mexique, le Guatemala, la Colombie, Le P\u00e9rou, la [&hellip;]<\/p>\n","protected":false},"author":1,"featured_media":0,"parent":0,"menu_order":0,"comment_status":"closed","ping_status":"closed","template":"","meta":{"_themeisle_gutenberg_block_has_review":false,"footnotes":""},"class_list":["post-72","page","type-page","status-publish","hentry"],"_links":{"self":[{"href":"https:\/\/basketsenvadrouille.fr\/index.php\/wp-json\/wp\/v2\/pages\/72","targetHints":{"allow":["GET"]}}],"collection":[{"href":"https:\/\/basketsenvadrouille.fr\/index.php\/wp-json\/wp\/v2\/pages"}],"about":[{"href":"https:\/\/basketsenvadrouille.fr\/index.php\/wp-json\/wp\/v2\/types\/page"}],"author":[{"embeddable":true,"href":"https:\/\/basketsenvadrouille.fr\/index.php\/wp-json\/wp\/v2\/users\/1"}],"replies":[{"embeddable":true,"href":"https:\/\/basketsenvadrouille.fr\/index.php\/wp-json\/wp\/v2\/comments?post=72"}],"version-history":[{"count":4,"href":"https:\/\/basketsenvadrouille.fr\/index.php\/wp-json\/wp\/v2\/pages\/72\/revisions"}],"predecessor-version":[{"id":738,"href":"https:\/\/basketsenvadrouille.fr\/index.php\/wp-json\/wp\/v2\/pages\/72\/revisions\/738"}],"wp:attachment":[{"href":"https:\/\/basketsenvadrouille.fr\/index.php\/wp-json\/wp\/v2\/media?parent=72"}],"curies":[{"name":"wp","href":"https:\/\/api.w.org\/{rel}","templated":true}]}}