{"id":71,"date":"2024-10-19T18:50:29","date_gmt":"2024-10-19T16:50:29","guid":{"rendered":"https:\/\/basketsenvadrouille.fr\/?page_id=71"},"modified":"2026-01-10T19:17:18","modified_gmt":"2026-01-10T18:17:18","slug":"sud-paca","status":"publish","type":"page","link":"https:\/\/basketsenvadrouille.fr\/index.php\/sud-paca\/","title":{"rendered":"Sud PACA"},"content":{"rendered":"<div class=\"is-style-boxed wp-block-themeisle-blocks-posts-grid\" id=\"wp-block-themeisle-blocks-posts-grid-dddc67b0\"><div class=\"is-list\"><div class=\"o-posts-grid-post-blog o-posts-grid-post-plain\"><div class=\"o-posts-grid-post\"><div class=\"o-posts-grid-post-image\"><a href=\"https:\/\/basketsenvadrouille.fr\/index.php\/2025\/10\/06\/randonnees-dans-le-devoluy-trois-itineraires-incontournables-pour-decouvrir-ce-massif-sauvage\/\"><img decoding=\"async\" src=\"https:\/\/basketsenvadrouille.fr\/wp-content\/uploads\/2025\/10\/IMG-20240616-WA0026.jpg\" class=\"attachment-full size-full\" alt=\"Delouy\" \/><\/a><\/div><div class=\"o-posts-grid-post-body\"><span class=\"o-posts-grid-post-category\"><a href=\"https:\/\/basketsenvadrouille.fr\/index.php\/category\/nos-randonnees\/sud-paca\/\">Sud-PACA<\/a><\/span><h4 class=\"o-posts-grid-post-title\"><a href=\"https:\/\/basketsenvadrouille.fr\/index.php\/2025\/10\/06\/randonnees-dans-le-devoluy-trois-itineraires-incontournables-pour-decouvrir-ce-massif-sauvage\/\">Randonn\u00e9es dans le D\u00e9voluy : trois itin\u00e9raires incontournables pour d\u00e9couvrir ce massif sauvage<\/a><\/h4><div class=\"o-posts-grid-post-description\"><p>Envie d\u2019un grand bol d\u2019air et de panoramas \u00e0 couper le souffle ? Direction le D\u00e9voluy, massif sauvag\u2026<\/p><\/div><\/div><\/div><\/div><div class=\"o-posts-grid-post-blog o-posts-grid-post-plain\"><div class=\"o-posts-grid-post\"><div class=\"o-posts-grid-post-image\"><a href=\"https:\/\/basketsenvadrouille.fr\/index.php\/2025\/04\/16\/le-gr-de-pays-du-tour-des-dentelles-de-montmirail-entre-vignes-villages-et-vues-a-couper-le-souffle\/\"><img loading=\"lazy\" decoding=\"async\" width=\"2560\" height=\"1920\" src=\"https:\/\/basketsenvadrouille.fr\/wp-content\/uploads\/2025\/04\/IMG_9017-scaled.jpg\" class=\"attachment-full size-full\" alt=\"dentelles de montmirail\" srcset=\"https:\/\/basketsenvadrouille.fr\/wp-content\/uploads\/2025\/04\/IMG_9017-scaled.jpg 2560w, https:\/\/basketsenvadrouille.fr\/wp-content\/uploads\/2025\/04\/IMG_9017-300x225.jpg 300w, https:\/\/basketsenvadrouille.fr\/wp-content\/uploads\/2025\/04\/IMG_9017-1024x768.jpg 1024w, https:\/\/basketsenvadrouille.fr\/wp-content\/uploads\/2025\/04\/IMG_9017-768x576.jpg 768w, https:\/\/basketsenvadrouille.fr\/wp-content\/uploads\/2025\/04\/IMG_9017-1536x1152.jpg 1536w, https:\/\/basketsenvadrouille.fr\/wp-content\/uploads\/2025\/04\/IMG_9017-2048x1536.jpg 2048w\" sizes=\"(max-width: 2560px) 100vw, 2560px\" \/><\/a><\/div><div class=\"o-posts-grid-post-body\"><span class=\"o-posts-grid-post-category\"><a href=\"https:\/\/basketsenvadrouille.fr\/index.php\/category\/nos-randonnees\/\">Nos randonn\u00e9es<\/a><\/span><h4 class=\"o-posts-grid-post-title\"><a href=\"https:\/\/basketsenvadrouille.fr\/index.php\/2025\/04\/16\/le-gr-de-pays-du-tour-des-dentelles-de-montmirail-entre-vignes-villages-et-vues-a-couper-le-souffle\/\">Le GR de Pays du Tour des Dentelles de Montmirail : entre vignes, villages et vues \u00e0 couper le souffle<\/a><\/h4><div class=\"o-posts-grid-post-description\"><p>GRP du tour des dentelles de Montmirail<\/p><\/div><\/div><\/div><\/div><div class=\"o-posts-grid-post-blog o-posts-grid-post-plain\"><div class=\"o-posts-grid-post\"><div class=\"o-posts-grid-post-image\"><a href=\"https:\/\/basketsenvadrouille.fr\/index.php\/2025\/03\/03\/un-weekend-dans-le-sud-des-cevennes-randonnee-cascade-et-tiny-house\/\"><img loading=\"lazy\" decoding=\"async\" width=\"2560\" height=\"1920\" src=\"https:\/\/basketsenvadrouille.fr\/wp-content\/uploads\/2025\/03\/IMG_8334-scaled.jpg\" class=\"attachment-full size-full\" alt=\"cascade de la vis sud cevennes\" srcset=\"https:\/\/basketsenvadrouille.fr\/wp-content\/uploads\/2025\/03\/IMG_8334-scaled.jpg 2560w, https:\/\/basketsenvadrouille.fr\/wp-content\/uploads\/2025\/03\/IMG_8334-300x225.jpg 300w, https:\/\/basketsenvadrouille.fr\/wp-content\/uploads\/2025\/03\/IMG_8334-1024x768.jpg 1024w, https:\/\/basketsenvadrouille.fr\/wp-content\/uploads\/2025\/03\/IMG_8334-768x576.jpg 768w, https:\/\/basketsenvadrouille.fr\/wp-content\/uploads\/2025\/03\/IMG_8334-1536x1152.jpg 1536w, https:\/\/basketsenvadrouille.fr\/wp-content\/uploads\/2025\/03\/IMG_8334-2048x1536.jpg 2048w\" sizes=\"(max-width: 2560px) 100vw, 2560px\" \/><\/a><\/div><div class=\"o-posts-grid-post-body\"><span class=\"o-posts-grid-post-category\"><a href=\"https:\/\/basketsenvadrouille.fr\/index.php\/category\/nos-randonnees\/sud-paca\/\">Sud-PACA<\/a><\/span><h4 class=\"o-posts-grid-post-title\"><a href=\"https:\/\/basketsenvadrouille.fr\/index.php\/2025\/03\/03\/un-weekend-dans-le-sud-des-cevennes-randonnee-cascade-et-tiny-house\/\">Un Weekend dans le Sud des C\u00e9vennes : Randonn\u00e9e, Cascade et Tiny House<\/a><\/h4><div class=\"o-posts-grid-post-description\"><p>Ce weekend, on a d\u00e9cid\u00e9 de se frotter \u00e0 la nature sauvage des C\u00e9vennes, une r\u00e9gion o\u00f9 les paysages s\u2026<\/p><\/div><\/div><\/div><\/div><\/div> <\/div>","protected":false},"excerpt":{"rendered":"","protected":false},"author":1,"featured_media":0,"parent":0,"menu_order":0,"comment_status":"closed","ping_status":"closed","template":"","meta":{"_themeisle_gutenberg_block_has_review":false,"footnotes":""},"class_list":["post-71","page","type-page","status-publish","hentry"],"_links":{"self":[{"href":"https:\/\/basketsenvadrouille.fr\/index.php\/wp-json\/wp\/v2\/pages\/71","targetHints":{"allow":["GET"]}}],"collection":[{"href":"https:\/\/basketsenvadrouille.fr\/index.php\/wp-json\/wp\/v2\/pages"}],"about":[{"href":"https:\/\/basketsenvadrouille.fr\/index.php\/wp-json\/wp\/v2\/types\/page"}],"author":[{"embeddable":true,"href":"https:\/\/basketsenvadrouille.fr\/index.php\/wp-json\/wp\/v2\/users\/1"}],"replies":[{"embeddable":true,"href":"https:\/\/basketsenvadrouille.fr\/index.php\/wp-json\/wp\/v2\/comments?post=71"}],"version-history":[{"count":3,"href":"https:\/\/basketsenvadrouille.fr\/index.php\/wp-json\/wp\/v2\/pages\/71\/revisions"}],"predecessor-version":[{"id":694,"href":"https:\/\/basketsenvadrouille.fr\/index.php\/wp-json\/wp\/v2\/pages\/71\/revisions\/694"}],"wp:attachment":[{"href":"https:\/\/basketsenvadrouille.fr\/index.php\/wp-json\/wp\/v2\/media?parent=71"}],"curies":[{"name":"wp","href":"https:\/\/api.w.org\/{rel}","templated":true}]}}