{"id":68,"date":"2024-10-19T18:50:28","date_gmt":"2024-10-19T16:50:28","guid":{"rendered":"https:\/\/basketsenvadrouille.fr\/?page_id=68"},"modified":"2026-01-10T19:15:25","modified_gmt":"2026-01-10T18:15:25","slug":"nos-randos","status":"publish","type":"page","link":"https:\/\/basketsenvadrouille.fr\/index.php\/nos-randos\/","title":{"rendered":"Nos randos"},"content":{"rendered":"\n<div class=\"wp-block-columns is-layout-flex wp-container-core-columns-is-layout-28f84493 wp-block-columns-is-layout-flex\">\n<div class=\"wp-block-column is-vertically-aligned-top is-layout-flow wp-block-column-is-layout-flow\" style=\"flex-basis:100%\"><div class=\"is-style-boxed wp-block-themeisle-blocks-posts-grid\" id=\"wp-block-themeisle-blocks-posts-grid-92bdd264\"><div class=\"is-list\"><div class=\"o-posts-grid-post-blog o-posts-grid-post-plain\"><div class=\"o-posts-grid-post\"><div class=\"o-posts-grid-post-image\"><a href=\"https:\/\/basketsenvadrouille.fr\/index.php\/2026\/03\/30\/printemps-en-ardeche-les-coins-nature-a-voir-absolument-avant-la-foule\/\"><img loading=\"lazy\" decoding=\"async\" width=\"1916\" height=\"2560\" src=\"https:\/\/basketsenvadrouille.fr\/wp-content\/uploads\/2026\/03\/IMG_20220327_155458-scaled.jpg\" class=\"attachment-full size-full\" alt=\"Printemps en Ard\u00e8che : les coins nature \u00e0 voir absolument avant la foule\" srcset=\"https:\/\/basketsenvadrouille.fr\/wp-content\/uploads\/2026\/03\/IMG_20220327_155458-scaled.jpg 1916w, https:\/\/basketsenvadrouille.fr\/wp-content\/uploads\/2026\/03\/IMG_20220327_155458-224x300.jpg 224w, https:\/\/basketsenvadrouille.fr\/wp-content\/uploads\/2026\/03\/IMG_20220327_155458-766x1024.jpg 766w, https:\/\/basketsenvadrouille.fr\/wp-content\/uploads\/2026\/03\/IMG_20220327_155458-768x1026.jpg 768w, https:\/\/basketsenvadrouille.fr\/wp-content\/uploads\/2026\/03\/IMG_20220327_155458-1149x1536.jpg 1149w, https:\/\/basketsenvadrouille.fr\/wp-content\/uploads\/2026\/03\/IMG_20220327_155458-1532x2048.jpg 1532w\" sizes=\"(max-width: 1916px) 100vw, 1916px\" \/><\/a><\/div><div class=\"o-posts-grid-post-body\"><span class=\"o-posts-grid-post-category\"><a href=\"https:\/\/basketsenvadrouille.fr\/index.php\/category\/nos-randonnees\/rhone-alpes\/\">Rhone Alpes<\/a><\/span><h4 class=\"o-posts-grid-post-title\"><a href=\"https:\/\/basketsenvadrouille.fr\/index.php\/2026\/03\/30\/printemps-en-ardeche-les-coins-nature-a-voir-absolument-avant-la-foule\/\">Printemps en Ard\u00e8che : les coins nature \u00e0 voir absolument avant la foule<\/a><\/h4><div class=\"o-posts-grid-post-description\"><p>Nos meilleurs spots en Ard\u00e8che au printemps : Pont d\u2019Arc, gorges, rando et villages coups de c\u0153ur po\u2026<\/p><\/div><\/div><\/div><\/div><div class=\"o-posts-grid-post-blog o-posts-grid-post-plain\"><div class=\"o-posts-grid-post\"><div class=\"o-posts-grid-post-image\"><a href=\"https:\/\/basketsenvadrouille.fr\/index.php\/2026\/03\/09\/les-plus-beaux-villages-de-drome-provencale-autour-de-montelimar\/\"><img loading=\"lazy\" decoding=\"async\" width=\"584\" height=\"778\" src=\"https:\/\/basketsenvadrouille.fr\/wp-content\/uploads\/2026\/03\/grignan-lavande.jpg\" class=\"attachment-full size-full\" alt=\"Grignan lavandes\" srcset=\"https:\/\/basketsenvadrouille.fr\/wp-content\/uploads\/2026\/03\/grignan-lavande.jpg 584w, https:\/\/basketsenvadrouille.fr\/wp-content\/uploads\/2026\/03\/grignan-lavande-225x300.jpg 225w\" sizes=\"(max-width: 584px) 100vw, 584px\" \/><\/a><\/div><div class=\"o-posts-grid-post-body\"><span class=\"o-posts-grid-post-category\"><a href=\"https:\/\/basketsenvadrouille.fr\/index.php\/category\/nos-randonnees\/rhone-alpes\/\">Rhone Alpes<\/a><\/span><h4 class=\"o-posts-grid-post-title\"><a href=\"https:\/\/basketsenvadrouille.fr\/index.php\/2026\/03\/09\/les-plus-beaux-villages-de-drome-provencale-autour-de-montelimar\/\">Les plus beaux villages de Dr\u00f4me proven\u00e7ale autour de Mont\u00e9limar<\/a><\/h4><div class=\"o-posts-grid-post-description\"><p>Nos villages coups de c\u0153ur en Dr\u00f4me proven\u00e7ale autour de Mont\u00e9limar : La Garde-Adh\u00e9mar, Grignan, All\u2026<\/p><\/div><\/div><\/div><\/div><div class=\"o-posts-grid-post-blog o-posts-grid-post-plain\"><div class=\"o-posts-grid-post\"><div class=\"o-posts-grid-post-image\"><a href=\"https:\/\/basketsenvadrouille.fr\/index.php\/2026\/03\/02\/lardeche-volcanique-explorer-le-massif-du-coiron\/\"><img loading=\"lazy\" decoding=\"async\" width=\"2560\" height=\"1920\" src=\"https:\/\/basketsenvadrouille.fr\/wp-content\/uploads\/2026\/03\/IMG_7294-scaled.jpeg\" class=\"attachment-full size-full\" alt=\"Massif du coiron\" srcset=\"https:\/\/basketsenvadrouille.fr\/wp-content\/uploads\/2026\/03\/IMG_7294-scaled.jpeg 2560w, https:\/\/basketsenvadrouille.fr\/wp-content\/uploads\/2026\/03\/IMG_7294-300x225.jpeg 300w, https:\/\/basketsenvadrouille.fr\/wp-content\/uploads\/2026\/03\/IMG_7294-1024x768.jpeg 1024w, https:\/\/basketsenvadrouille.fr\/wp-content\/uploads\/2026\/03\/IMG_7294-768x576.jpeg 768w, https:\/\/basketsenvadrouille.fr\/wp-content\/uploads\/2026\/03\/IMG_7294-1536x1152.jpeg 1536w, https:\/\/basketsenvadrouille.fr\/wp-content\/uploads\/2026\/03\/IMG_7294-2048x1536.jpeg 2048w\" sizes=\"(max-width: 2560px) 100vw, 2560px\" \/><\/a><\/div><div class=\"o-posts-grid-post-body\"><span class=\"o-posts-grid-post-category\"><a href=\"https:\/\/basketsenvadrouille.fr\/index.php\/category\/nos-randonnees\/rhone-alpes\/\">Rhone Alpes<\/a><\/span><h4 class=\"o-posts-grid-post-title\"><a href=\"https:\/\/basketsenvadrouille.fr\/index.php\/2026\/03\/02\/lardeche-volcanique-explorer-le-massif-du-coiron\/\">L\u2019Ard\u00e8che volcanique : explorer le massif du Coiron<\/a><\/h4><div class=\"o-posts-grid-post-description\"><p>Partez d\u00e9couvrir l\u2019Ard\u00e8che volcanique : villages en pierre noire, neck basaltique de Sceautres et ra\u2026<\/p><\/div><\/div><\/div><\/div><div class=\"o-posts-grid-post-blog o-posts-grid-post-plain\"><div class=\"o-posts-grid-post\"><div class=\"o-posts-grid-post-image\"><a href=\"https:\/\/basketsenvadrouille.fr\/index.php\/2026\/02\/23\/les-plus-belles-cascades-en-ardeche-nos-spots-coup-de-coeur\/\"><img loading=\"lazy\" decoding=\"async\" width=\"1036\" height=\"778\" src=\"https:\/\/basketsenvadrouille.fr\/wp-content\/uploads\/2026\/02\/IMG_20240524_131835.jpg\" class=\"attachment-full size-full\" alt=\"Gour de la Sompe\" srcset=\"https:\/\/basketsenvadrouille.fr\/wp-content\/uploads\/2026\/02\/IMG_20240524_131835.jpg 1036w, https:\/\/basketsenvadrouille.fr\/wp-content\/uploads\/2026\/02\/IMG_20240524_131835-300x225.jpg 300w, https:\/\/basketsenvadrouille.fr\/wp-content\/uploads\/2026\/02\/IMG_20240524_131835-1024x769.jpg 1024w, https:\/\/basketsenvadrouille.fr\/wp-content\/uploads\/2026\/02\/IMG_20240524_131835-768x577.jpg 768w\" sizes=\"(max-width: 1036px) 100vw, 1036px\" \/><\/a><\/div><div class=\"o-posts-grid-post-body\"><span class=\"o-posts-grid-post-category\"><a href=\"https:\/\/basketsenvadrouille.fr\/index.php\/category\/nos-randonnees\/\">Nos randonn\u00e9es<\/a><\/span><h4 class=\"o-posts-grid-post-title\"><a href=\"https:\/\/basketsenvadrouille.fr\/index.php\/2026\/02\/23\/les-plus-belles-cascades-en-ardeche-nos-spots-coup-de-coeur\/\">Les plus belles cascades en Ard\u00e8che : nos spots coup de c\u0153ur<\/a><\/h4><div class=\"o-posts-grid-post-description\"><p>D\u00e9couvrez les plus belles cascades en Ard\u00e8che apr\u00e8s la pluie : Imbours, Goure de la Sompe, Ray-Pic e\u2026<\/p><\/div><\/div><\/div><\/div><div class=\"o-posts-grid-post-blog o-posts-grid-post-plain\"><div class=\"o-posts-grid-post\"><div class=\"o-posts-grid-post-image\"><a href=\"https:\/\/basketsenvadrouille.fr\/index.php\/2025\/10\/06\/randonnees-dans-le-devoluy-trois-itineraires-incontournables-pour-decouvrir-ce-massif-sauvage\/\"><img decoding=\"async\" src=\"https:\/\/basketsenvadrouille.fr\/wp-content\/uploads\/2025\/10\/IMG-20240616-WA0026.jpg\" class=\"attachment-full size-full\" alt=\"Delouy\" \/><\/a><\/div><div class=\"o-posts-grid-post-body\"><span class=\"o-posts-grid-post-category\"><a href=\"https:\/\/basketsenvadrouille.fr\/index.php\/category\/nos-randonnees\/sud-paca\/\">Sud-PACA<\/a><\/span><h4 class=\"o-posts-grid-post-title\"><a href=\"https:\/\/basketsenvadrouille.fr\/index.php\/2025\/10\/06\/randonnees-dans-le-devoluy-trois-itineraires-incontournables-pour-decouvrir-ce-massif-sauvage\/\">Randonn\u00e9es dans le D\u00e9voluy : trois itin\u00e9raires incontournables pour d\u00e9couvrir ce massif sauvage<\/a><\/h4><div class=\"o-posts-grid-post-description\"><p>Envie d\u2019un grand bol d\u2019air et de panoramas \u00e0 couper le souffle ? Direction le D\u00e9voluy, massif sauvag\u2026<\/p><\/div><\/div><\/div><\/div><div class=\"o-posts-grid-post-blog o-posts-grid-post-plain\"><div class=\"o-posts-grid-post\"><div class=\"o-posts-grid-post-image\"><a href=\"https:\/\/basketsenvadrouille.fr\/index.php\/2025\/08\/11\/que-faire-autour-de-clermont-ferrand-nos-coups-de-coeur-nature-rando-et-detente-en-auvergne\/\"><img loading=\"lazy\" decoding=\"async\" width=\"1920\" height=\"2560\" src=\"https:\/\/basketsenvadrouille.fr\/wp-content\/uploads\/2025\/08\/IMG_2743-1-scaled.jpg\" class=\"attachment-full size-full\" alt=\"Puy de Dome\" srcset=\"https:\/\/basketsenvadrouille.fr\/wp-content\/uploads\/2025\/08\/IMG_2743-1-scaled.jpg 1920w, https:\/\/basketsenvadrouille.fr\/wp-content\/uploads\/2025\/08\/IMG_2743-1-225x300.jpg 225w, https:\/\/basketsenvadrouille.fr\/wp-content\/uploads\/2025\/08\/IMG_2743-1-768x1024.jpg 768w, https:\/\/basketsenvadrouille.fr\/wp-content\/uploads\/2025\/08\/IMG_2743-1-1152x1536.jpg 1152w, https:\/\/basketsenvadrouille.fr\/wp-content\/uploads\/2025\/08\/IMG_2743-1-1536x2048.jpg 1536w\" sizes=\"(max-width: 1920px) 100vw, 1920px\" \/><\/a><\/div><div class=\"o-posts-grid-post-body\"><span class=\"o-posts-grid-post-category\"><a href=\"https:\/\/basketsenvadrouille.fr\/index.php\/category\/nos-randonnees\/\">Nos randonn\u00e9es<\/a><\/span><h4 class=\"o-posts-grid-post-title\"><a href=\"https:\/\/basketsenvadrouille.fr\/index.php\/2025\/08\/11\/que-faire-autour-de-clermont-ferrand-nos-coups-de-coeur-nature-rando-et-detente-en-auvergne\/\">Que faire autour de Clermont-Ferrand ? Nos coups de c\u0153ur nature, rando et d\u00e9tente en Auvergne<\/a><\/h4><div class=\"o-posts-grid-post-description\"><p>Cela faisait un moment qu\u2019on se disait : \u00ab\u00a0Et si on allait enfin d\u00e9couvrir l\u2019Auvergne ?\u00a0\u00bb. Ce d\u00e9part\u2026<\/p><\/div><\/div><\/div><\/div><div class=\"o-posts-grid-post-blog o-posts-grid-post-plain\"><div class=\"o-posts-grid-post\"><div class=\"o-posts-grid-post-image\"><a href=\"https:\/\/basketsenvadrouille.fr\/index.php\/2025\/04\/16\/le-gr-de-pays-du-tour-des-dentelles-de-montmirail-entre-vignes-villages-et-vues-a-couper-le-souffle\/\"><img loading=\"lazy\" decoding=\"async\" width=\"2560\" height=\"1920\" src=\"https:\/\/basketsenvadrouille.fr\/wp-content\/uploads\/2025\/04\/IMG_9017-scaled.jpg\" class=\"attachment-full size-full\" alt=\"dentelles de montmirail\" srcset=\"https:\/\/basketsenvadrouille.fr\/wp-content\/uploads\/2025\/04\/IMG_9017-scaled.jpg 2560w, https:\/\/basketsenvadrouille.fr\/wp-content\/uploads\/2025\/04\/IMG_9017-300x225.jpg 300w, https:\/\/basketsenvadrouille.fr\/wp-content\/uploads\/2025\/04\/IMG_9017-1024x768.jpg 1024w, https:\/\/basketsenvadrouille.fr\/wp-content\/uploads\/2025\/04\/IMG_9017-768x576.jpg 768w, https:\/\/basketsenvadrouille.fr\/wp-content\/uploads\/2025\/04\/IMG_9017-1536x1152.jpg 1536w, https:\/\/basketsenvadrouille.fr\/wp-content\/uploads\/2025\/04\/IMG_9017-2048x1536.jpg 2048w\" sizes=\"(max-width: 2560px) 100vw, 2560px\" \/><\/a><\/div><div class=\"o-posts-grid-post-body\"><span class=\"o-posts-grid-post-category\"><a href=\"https:\/\/basketsenvadrouille.fr\/index.php\/category\/nos-randonnees\/\">Nos randonn\u00e9es<\/a><\/span><h4 class=\"o-posts-grid-post-title\"><a href=\"https:\/\/basketsenvadrouille.fr\/index.php\/2025\/04\/16\/le-gr-de-pays-du-tour-des-dentelles-de-montmirail-entre-vignes-villages-et-vues-a-couper-le-souffle\/\">Le GR de Pays du Tour des Dentelles de Montmirail : entre vignes, villages et vues \u00e0 couper le souffle<\/a><\/h4><div class=\"o-posts-grid-post-description\"><p>GRP du tour des dentelles de Montmirail<\/p><\/div><\/div><\/div><\/div><div class=\"o-posts-grid-post-blog o-posts-grid-post-plain\"><div class=\"o-posts-grid-post\"><div class=\"o-posts-grid-post-image\"><a href=\"https:\/\/basketsenvadrouille.fr\/index.php\/2025\/03\/03\/un-weekend-dans-le-sud-des-cevennes-randonnee-cascade-et-tiny-house\/\"><img loading=\"lazy\" decoding=\"async\" width=\"2560\" height=\"1920\" src=\"https:\/\/basketsenvadrouille.fr\/wp-content\/uploads\/2025\/03\/IMG_8334-scaled.jpg\" class=\"attachment-full size-full\" alt=\"cascade de la vis sud cevennes\" srcset=\"https:\/\/basketsenvadrouille.fr\/wp-content\/uploads\/2025\/03\/IMG_8334-scaled.jpg 2560w, https:\/\/basketsenvadrouille.fr\/wp-content\/uploads\/2025\/03\/IMG_8334-300x225.jpg 300w, https:\/\/basketsenvadrouille.fr\/wp-content\/uploads\/2025\/03\/IMG_8334-1024x768.jpg 1024w, https:\/\/basketsenvadrouille.fr\/wp-content\/uploads\/2025\/03\/IMG_8334-768x576.jpg 768w, https:\/\/basketsenvadrouille.fr\/wp-content\/uploads\/2025\/03\/IMG_8334-1536x1152.jpg 1536w, https:\/\/basketsenvadrouille.fr\/wp-content\/uploads\/2025\/03\/IMG_8334-2048x1536.jpg 2048w\" sizes=\"(max-width: 2560px) 100vw, 2560px\" \/><\/a><\/div><div class=\"o-posts-grid-post-body\"><span class=\"o-posts-grid-post-category\"><a href=\"https:\/\/basketsenvadrouille.fr\/index.php\/category\/nos-randonnees\/sud-paca\/\">Sud-PACA<\/a><\/span><h4 class=\"o-posts-grid-post-title\"><a href=\"https:\/\/basketsenvadrouille.fr\/index.php\/2025\/03\/03\/un-weekend-dans-le-sud-des-cevennes-randonnee-cascade-et-tiny-house\/\">Un Weekend dans le Sud des C\u00e9vennes : Randonn\u00e9e, Cascade et Tiny House<\/a><\/h4><div class=\"o-posts-grid-post-description\"><p>Ce weekend, on a d\u00e9cid\u00e9 de se frotter \u00e0 la nature sauvage des C\u00e9vennes, une r\u00e9gion o\u00f9 les paysages s\u2026<\/p><\/div><\/div><\/div><\/div><div class=\"o-posts-grid-post-blog o-posts-grid-post-plain\"><div class=\"o-posts-grid-post\"><div class=\"o-posts-grid-post-image\"><a href=\"https:\/\/basketsenvadrouille.fr\/index.php\/2025\/01\/27\/semerveiller-a-moins-de-2h-de-montelimar-les-meilleures-randonnees-et-sites-naturels-a-decouvrir\/\"><img loading=\"lazy\" decoding=\"async\" width=\"1916\" height=\"2560\" src=\"https:\/\/basketsenvadrouille.fr\/wp-content\/uploads\/2025\/01\/IMG_20230115_161800-scaled.jpg\" class=\"attachment-full size-full\" alt=\"Val des Nymphes\" srcset=\"https:\/\/basketsenvadrouille.fr\/wp-content\/uploads\/2025\/01\/IMG_20230115_161800-scaled.jpg 1916w, https:\/\/basketsenvadrouille.fr\/wp-content\/uploads\/2025\/01\/IMG_20230115_161800-224x300.jpg 224w\" sizes=\"(max-width: 1916px) 100vw, 1916px\" \/><\/a><\/div><div class=\"o-posts-grid-post-body\"><span class=\"o-posts-grid-post-category\"><a href=\"https:\/\/basketsenvadrouille.fr\/index.php\/category\/nos-randonnees\/\">Nos randonn\u00e9es<\/a><\/span><h4 class=\"o-posts-grid-post-title\"><a href=\"https:\/\/basketsenvadrouille.fr\/index.php\/2025\/01\/27\/semerveiller-a-moins-de-2h-de-montelimar-les-meilleures-randonnees-et-sites-naturels-a-decouvrir\/\">S\u2019\u00e9merveiller \u00e0 moins de  2h de Mont\u00e9limar : Les meilleures randonn\u00e9es et sites naturels \u00e0 d\u00e9couvrir<\/a><\/h4><div class=\"o-posts-grid-post-description\"><p>Mont\u00e9limar : Bien plus que le nougat, la N7 et les lavandes. Lorsque l\u2019on parle de Mont\u00e9limar, la pl\u2026<\/p><\/div><\/div><\/div><\/div><div class=\"o-posts-grid-post-blog o-posts-grid-post-plain\"><div class=\"o-posts-grid-post\"><div class=\"o-posts-grid-post-image\"><a href=\"https:\/\/basketsenvadrouille.fr\/index.php\/2025\/01\/08\/les-trois-becs-un-incontournable-de-la-drome-accessible-a-tous\/\"><img loading=\"lazy\" decoding=\"async\" width=\"2560\" height=\"1916\" src=\"https:\/\/basketsenvadrouille.fr\/wp-content\/uploads\/2025\/01\/IMG_20240713_212505-1-scaled.jpg\" class=\"attachment-full size-full\" alt=\"les trois bec drome\" srcset=\"https:\/\/basketsenvadrouille.fr\/wp-content\/uploads\/2025\/01\/IMG_20240713_212505-1-scaled.jpg 2560w, https:\/\/basketsenvadrouille.fr\/wp-content\/uploads\/2025\/01\/IMG_20240713_212505-1-300x224.jpg 300w, https:\/\/basketsenvadrouille.fr\/wp-content\/uploads\/2025\/01\/IMG_20240713_212505-1-1024x766.jpg 1024w, https:\/\/basketsenvadrouille.fr\/wp-content\/uploads\/2025\/01\/IMG_20240713_212505-1-768x575.jpg 768w\" sizes=\"(max-width: 2560px) 100vw, 2560px\" \/><\/a><\/div><div class=\"o-posts-grid-post-body\"><span class=\"o-posts-grid-post-category\"><a href=\"https:\/\/basketsenvadrouille.fr\/index.php\/category\/nos-randonnees\/\">Nos randonn\u00e9es<\/a><\/span><h4 class=\"o-posts-grid-post-title\"><a href=\"https:\/\/basketsenvadrouille.fr\/index.php\/2025\/01\/08\/les-trois-becs-un-incontournable-de-la-drome-accessible-a-tous\/\">Les Trois Becs : un incontournable de la Dr\u00f4me, accessible \u00e0 tous !<\/a><\/h4><div class=\"o-posts-grid-post-description\"><p>Si vous \u00eates amateur de nature, de panoramas grandioses et de randonn\u00e9e, vous ne pouvez pas passer \u00e0\u2026<\/p><\/div><\/div><\/div><\/div><div class=\"o-posts-grid-post-blog o-posts-grid-post-plain\"><div class=\"o-posts-grid-post\"><div class=\"o-posts-grid-post-image\"><a href=\"https:\/\/basketsenvadrouille.fr\/index.php\/2024\/10\/21\/cret-de-loeillon-et-trois-dents-depuis-pelussin\/\"><img loading=\"lazy\" decoding=\"async\" width=\"1916\" height=\"2560\" src=\"https:\/\/basketsenvadrouille.fr\/wp-content\/uploads\/2024\/10\/IMG_20240323_131751-scaled.jpg\" class=\"attachment-full size-full\" alt=\"La rando incontournable de la Loire : Cr\u00eat de l&rsquo;Oeillon et Trois dents\" srcset=\"https:\/\/basketsenvadrouille.fr\/wp-content\/uploads\/2024\/10\/IMG_20240323_131751-scaled.jpg 1916w, https:\/\/basketsenvadrouille.fr\/wp-content\/uploads\/2024\/10\/IMG_20240323_131751-224x300.jpg 224w, https:\/\/basketsenvadrouille.fr\/wp-content\/uploads\/2024\/10\/IMG_20240323_131751-766x1024.jpg 766w, https:\/\/basketsenvadrouille.fr\/wp-content\/uploads\/2024\/10\/IMG_20240323_131751-768x1026.jpg 768w, https:\/\/basketsenvadrouille.fr\/wp-content\/uploads\/2024\/10\/IMG_20240323_131751-1149x1536.jpg 1149w, https:\/\/basketsenvadrouille.fr\/wp-content\/uploads\/2024\/10\/IMG_20240323_131751-1532x2048.jpg 1532w\" sizes=\"(max-width: 1916px) 100vw, 1916px\" \/><\/a><\/div><div class=\"o-posts-grid-post-body\"><span class=\"o-posts-grid-post-category\"><a href=\"https:\/\/basketsenvadrouille.fr\/index.php\/category\/nos-randonnees\/rhone-alpes\/\">Rhone Alpes<\/a><\/span><h4 class=\"o-posts-grid-post-title\"><a href=\"https:\/\/basketsenvadrouille.fr\/index.php\/2024\/10\/21\/cret-de-loeillon-et-trois-dents-depuis-pelussin\/\">La rando incontournable de la Loire : Cr\u00eat de l&rsquo;Oeillon et Trois dents<\/a><\/h4><div class=\"o-posts-grid-post-description\"><p>\ud83e\udd7e21 km et 1150 m de d\u00e9nivel\u00e9\ud83d\udccdAu d\u00e9part des Viaducs de P\u00e9lussin (Loire-42)\ud83d\udca1 Itin\u00e9raire aller-retour a\u2026<\/p><\/div><\/div><\/div><\/div><div class=\"o-posts-grid-post-blog o-posts-grid-post-plain\"><div class=\"o-posts-grid-post\"><div class=\"o-posts-grid-post-image\"><a href=\"https:\/\/basketsenvadrouille.fr\/index.php\/2024\/10\/21\/deux-jours-en-vallee-de-la-drome\/\"><img loading=\"lazy\" decoding=\"async\" width=\"1920\" height=\"2560\" src=\"https:\/\/basketsenvadrouille.fr\/wp-content\/uploads\/2024\/10\/IMG-20240518-WA0019-scaled.jpg\" class=\"attachment-full size-full\" alt=\"le grand delmas\" srcset=\"https:\/\/basketsenvadrouille.fr\/wp-content\/uploads\/2024\/10\/IMG-20240518-WA0019-scaled.jpg 1920w, https:\/\/basketsenvadrouille.fr\/wp-content\/uploads\/2024\/10\/IMG-20240518-WA0019-225x300.jpg 225w, https:\/\/basketsenvadrouille.fr\/wp-content\/uploads\/2024\/10\/IMG-20240518-WA0019-768x1024.jpg 768w, https:\/\/basketsenvadrouille.fr\/wp-content\/uploads\/2024\/10\/IMG-20240518-WA0019-1152x1536.jpg 1152w, https:\/\/basketsenvadrouille.fr\/wp-content\/uploads\/2024\/10\/IMG-20240518-WA0019-1536x2048.jpg 1536w\" sizes=\"(max-width: 1920px) 100vw, 1920px\" \/><\/a><\/div><div class=\"o-posts-grid-post-body\"><span class=\"o-posts-grid-post-category\"><a href=\"https:\/\/basketsenvadrouille.fr\/index.php\/category\/nos-randonnees\/rhone-alpes\/\">Rhone Alpes<\/a><\/span><h4 class=\"o-posts-grid-post-title\"><a href=\"https:\/\/basketsenvadrouille.fr\/index.php\/2024\/10\/21\/deux-jours-en-vallee-de-la-drome\/\">Deux jours en Vall\u00e9e de la Dr\u00f4me<\/a><\/h4><div class=\"o-posts-grid-post-description\"><p>La vall\u00e9e de la Dr\u00f4me, ce territoire qui associe beaux sommets et rivi\u00e8re cristalline. On ne va pas \u2026<\/p><\/div><\/div><\/div><\/div><\/div> <div class=\"o-posts-grid-pag\"><\/div><\/div><\/div>\n<\/div>\n","protected":false},"excerpt":{"rendered":"","protected":false},"author":1,"featured_media":0,"parent":0,"menu_order":0,"comment_status":"closed","ping_status":"closed","template":"","meta":{"_themeisle_gutenberg_block_has_review":false,"footnotes":""},"class_list":["post-68","page","type-page","status-publish","hentry"],"_links":{"self":[{"href":"https:\/\/basketsenvadrouille.fr\/index.php\/wp-json\/wp\/v2\/pages\/68","targetHints":{"allow":["GET"]}}],"collection":[{"href":"https:\/\/basketsenvadrouille.fr\/index.php\/wp-json\/wp\/v2\/pages"}],"about":[{"href":"https:\/\/basketsenvadrouille.fr\/index.php\/wp-json\/wp\/v2\/types\/page"}],"author":[{"embeddable":true,"href":"https:\/\/basketsenvadrouille.fr\/index.php\/wp-json\/wp\/v2\/users\/1"}],"replies":[{"embeddable":true,"href":"https:\/\/basketsenvadrouille.fr\/index.php\/wp-json\/wp\/v2\/comments?post=68"}],"version-history":[{"count":3,"href":"https:\/\/basketsenvadrouille.fr\/index.php\/wp-json\/wp\/v2\/pages\/68\/revisions"}],"predecessor-version":[{"id":692,"href":"https:\/\/basketsenvadrouille.fr\/index.php\/wp-json\/wp\/v2\/pages\/68\/revisions\/692"}],"wp:attachment":[{"href":"https:\/\/basketsenvadrouille.fr\/index.php\/wp-json\/wp\/v2\/media?parent=68"}],"curies":[{"name":"wp","href":"https:\/\/api.w.org\/{rel}","templated":true}]}}